{"id":8,"date":"2021-11-23T03:57:06","date_gmt":"2021-11-23T03:57:06","guid":{"rendered":"http:\/\/localhost\/?page_id=8"},"modified":"2024-05-30T23:59:51","modified_gmt":"2024-05-30T23:59:51","slug":"home","status":"publish","type":"page","link":"https:\/\/casabellota.com\/es\/","title":{"rendered":"Home"},"content":{"rendered":"<h2 class=\"wp-block-heading text-align-center has-text-color\" style=\"color:#002d13\">Bienvenido a <strong>Casa Bellota<\/strong><\/h2>\n\n\n\n<p class=\"text-justify has-text-color\" style=\"color:#002d13\">La larga tradici\u00f3n de los caballos Espa\u00f1oles, sus aires y morfolog\u00eda, conocidos a nivel mundial, su belleza y nobleza sobresale por encima de las dem\u00e1s razas.<\/p>\n\n\n\n<p class=\"text-justify has-text-color\" style=\"color:#002d13\">Por m\u00e1s de 400 a\u00f1os, la descendencia proveniente de raza espa\u00f1ola fue meticulosamente protegida y mejorada a trav\u00e9s de la dedicaci\u00f3n y experiencia de varias casas y establos famosos alrededor del mundo.<\/p>\n\n\n\n<p class=\"text-justify has-text-color\" style=\"color:#002d13\">Como establecimiento de cr\u00eda tipo boutique de Caballos de Pura Raza Espa\u00f1ola en Costa Rica, Casa Bellota ha transmitido lo mejor de la raza a sus cr\u00edas y dedicado los \u00faltimos 10 a\u00f1os  a la continuaci\u00f3n de esa herencia, aplicando tradici\u00f3n y ciencia moderna para la mejora y bienestar de cada ejemplar en nuestro establecimiento.<\/p>\n\n\n\n<p class=\"text-justify has-text-color\" style=\"color:#002d13\">Nuestra dedicaci\u00f3n a la raza ha generado algunos de los mejores ejemplares del Pura Raza Espa\u00f1ola, especialmente para la regi\u00f3n, nuestra marca es reconocida entre los seguidores m\u00e1s apasionados y selectivos de la raza.<\/p>\n\n\n\n<p class=\"text-justify has-text-color\" style=\"color:#002d13\">En Casa Bellota, nuestra dedicaci\u00f3n sobre calidad por encima de cantidad, entrega potros de linajes claros, que personifican la grandeza de la raza en sus aires y tama\u00f1o, posicionando nuestras cr\u00edas como de las mejores dentro del ranking competitivo.<\/p>\n\n\n\n<p class=\"text-justify has-text-color\" style=\"color:#002d13\">Visitantes de Casa Bellota como conocidos criadores a nivel mundial, jueces de concursos, representantes de la Asociaci\u00f3n Nacional de Criadores de Caballos Espa\u00f1oles (ANCCE) y los muchos ojos calificados, han acordado un\u00e1nimemente que Casa Bellota cr\u00eda ejemplares superiores dignos de admirar por su fiel representaci\u00f3n del Pura Raza Espa\u00f1ola.<\/p>\n\n\n\n<p class=\"text-justify has-text-color\" style=\"color:#002d13\">Invitamos a quienes comparten la pasi\u00f3n por esta hermosa raza a que tambi\u00e9n formen parte de una larga e incre\u00edble tradici\u00f3n que significan los caballos de Pura Raza Espa\u00f1ola y sean parte de su historia pasada, presente y futura.<\/p>\n\n\n\n<p class=\"text-justify has-text-color\" style=\"color:#002d13\">Que esta noble raza los satisfaga as\u00ed como constantemente nos bendice y satisface a nosotros. Les deseamos una maravillosa experiencia en este incre\u00edble viaje.<\/p>\n\n\n\n<p class=\"text-justify has-text-color\" style=\"color:#002d13\"><strong>Casa Bellota<\/strong><\/p>\n\n\n\n<p><\/p>\n\n\n\n<figure class=\"wp-block-embed is-type-video is-provider-youtube wp-block-embed-youtube wp-embed-aspect-16-9 wp-has-aspect-ratio\"><div class=\"wp-block-embed__wrapper\">\n<iframe loading=\"lazy\" title=\"CASA BELLOTA BONANZA 2019\" width=\"525\" height=\"295\" src=\"https:\/\/www.youtube.com\/embed\/rSJla6d-wdE?start=59&#038;feature=oembed\" frameborder=\"0\" allow=\"accelerometer; autoplay; clipboard-write; encrypted-media; gyroscope; picture-in-picture; web-share\" referrerpolicy=\"strict-origin-when-cross-origin\" allowfullscreen><\/iframe>\n<\/div><\/figure>","protected":false},"excerpt":{"rendered":"<p>Welcome to Casa Bellota The long-standing tradition of Spanish horses, their gate and morphology, is world-renowned, their beauty and nobility recognized as outstanding among all other breeds. For over 400 years, this breed of Spanish descent was meticulously protected and improved upon through the dedication and experience of various famous houses and stables around the &hellip; <\/p>\n<p class=\"link-more\"><a href=\"https:\/\/casabellota.com\/es\/\" class=\"more-link\">Continuar leyendo<span class=\"screen-reader-text\"> &#8220;Home&#8221;<\/span><\/a><\/p>","protected":false},"author":1,"featured_media":408,"parent":0,"menu_order":0,"comment_status":"closed","ping_status":"closed","template":"","meta":{"footnotes":""},"class_list":["post-8","page","type-page","status-publish","has-post-thumbnail","hentry"],"_links":{"self":[{"href":"https:\/\/casabellota.com\/es\/wp-json\/wp\/v2\/pages\/8","targetHints":{"allow":["GET"]}}],"collection":[{"href":"https:\/\/casabellota.com\/es\/wp-json\/wp\/v2\/pages"}],"about":[{"href":"https:\/\/casabellota.com\/es\/wp-json\/wp\/v2\/types\/page"}],"author":[{"embeddable":true,"href":"https:\/\/casabellota.com\/es\/wp-json\/wp\/v2\/users\/1"}],"replies":[{"embeddable":true,"href":"https:\/\/casabellota.com\/es\/wp-json\/wp\/v2\/comments?post=8"}],"version-history":[{"count":18,"href":"https:\/\/casabellota.com\/es\/wp-json\/wp\/v2\/pages\/8\/revisions"}],"predecessor-version":[{"id":3010,"href":"https:\/\/casabellota.com\/es\/wp-json\/wp\/v2\/pages\/8\/revisions\/3010"}],"wp:featuredmedia":[{"embeddable":true,"href":"https:\/\/casabellota.com\/es\/wp-json\/wp\/v2\/media\/408"}],"wp:attachment":[{"href":"https:\/\/casabellota.com\/es\/wp-json\/wp\/v2\/media?parent=8"}],"curies":[{"name":"wp","href":"https:\/\/api.w.org\/{rel}","templated":true}]}}