{"id":12,"date":"2021-11-23T03:57:06","date_gmt":"2021-11-23T03:57:06","guid":{"rendered":"http:\/\/localhost\/?page_id=12"},"modified":"2022-12-13T22:29:46","modified_gmt":"2022-12-13T22:29:46","slug":"stallions","status":"publish","type":"page","link":"https:\/\/casabellota.com\/es\/stallions\/","title":{"rendered":"Sementales"},"content":{"rendered":"<h2 class=\"text-align-center no-margin-bottom has-text-color wp-block-heading\" style=\"color:#002d13\"><strong>Sementales<\/strong><\/h2>\n\n\n\n<hr class=\"wp-block-separator has-text-color has-alpha-channel-opacity has-background custom-separator\" style=\"background-color:#002d13;color:#002d13\"\/>\n\n\n\n<p class=\"has-text-align-center\">Nuestros sementales estrellas, Guerrero CB y Escudo Bellota representan una estirpe que desciende de una larga l\u00ednea de campeones, representados como \u201cMejor Funcionalidad, Mejor Morfolog\u00eda, Mejores Movimientos y Mejor del Concurso\u201d<br><br>Estos campeones representan la m\u00e1s alta aptitud gen\u00e9tica para la doma y excelentes caracter\u00edsticas para la crianza, que se evidencia muy bien en nuestros potros nacidos en la ganader\u00eda.<\/p>\n\n\n\n<div class=\"wp-block-group\"><div class=\"wp-block-group__inner-container is-layout-constrained wp-block-group-is-layout-constrained\">\n<div class=\"wp-block-cb-carousel\" data-slick=\"{&quot;slidesToShow&quot;:3,&quot;slidesToScroll&quot;:1,&quot;speed&quot;:300,&quot;arrows&quot;:true,&quot;dots&quot;:true,&quot;autoplay&quot;:false,&quot;autoplaySpeed&quot;:3000,&quot;infinite&quot;:false,&quot;responsive&quot;:[{&quot;breakpoint&quot;:769,&quot;settings&quot;:{&quot;slidesToShow&quot;:1}}]}\">\n<div class=\"wp-block-cb-slide\"><button data-block-name=\"woocommerce\/featured-product\" data-edit-mode=\"false\" data-focal-point=\"{&quot;x&quot;:0.13000000000000000444089209850062616169452667236328125,&quot;y&quot;:0.270000000000000017763568394002504646778106689453125}\" data-product-id=\"1254\" class=\"woosq-btn woosq-btn-1254\" data-id=\"1254\" data-effect=\"mfp-3d-unfold\" data-context=\"default\">Vista r\u00e1pida<\/button><div class=\"wc-block-featured-product alignnone has-background-dim wp-block-woocommerce-featured-product\" style=\"min-height:500px;\"><div class=\"wc-block-featured-product__wrapper\"><div class=\"background-dim__overlay\" style=\"background-color: #000000\"><\/div><img decoding=\"async\" alt=\"Escudo Bellota\" class=\"wc-block-featured-product__background-image\" src=\"https:\/\/casabellota.com\/wp-content\/uploads\/2022\/11\/ESCUDO-BELLOTA-2018-1024x624.jpg\" style=\"object-fit: none;object-position: 13% 27%;\" \/><div class=\"wc-block-featured-product alignnone has-background-dim  tester\"><div class=\"wc-block-featured-product__wrapper\"><img decoding=\"async\" loading=\"lazy\" class=\"alignnone size-full wp-image-124\" src=\"https:\/\/casabellota.com\/wp-content\/uploads\/2022\/11\/ESCUDO-BELLOTA-2018-1024x624.jpg\" alt=\"\"><\/div><\/div><div class=\"custom-container\"><div class=\"custom-subcontainer\"><div class=\"wc-block-featured-product__description\"><p>Escudo Bellota<\/p>\n<\/div><hr class=\"wp-block-separator has-text-color has-background has-black-background-color has-black-color custom-separator\"><p class=\"custom-product-attribute\"><span class=\"name\">Nacimiento:<\/span> <span class=\"value\">03\/03\/2018<\/span><\/p><\/div><\/div><div class=\"wc-block-featured-product__price\"><\/div><div class=\"wc-block-featured-product__inner-blocks\">\n\n<div class=\"wp-block-button aligncenter\"><a class=\"wp-block-button__link wp-element-button\" href=\"https:\/\/casabellota.com\/es\/producto\/escudo-bellota\/\">Shop now<\/a><\/div>\n\n<\/div><\/div><\/div><\/div>\n\n\n\n<div class=\"wp-block-cb-slide\"><button data-block-name=\"woocommerce\/featured-product\" data-product-id=\"168\" class=\"woosq-btn woosq-btn-168\" data-id=\"168\" data-effect=\"mfp-3d-unfold\" data-context=\"default\">Vista r\u00e1pida<\/button><div class=\"wc-block-featured-product alignnone has-background-dim wp-block-woocommerce-featured-product\" style=\"min-height:500px;\"><div class=\"wc-block-featured-product__wrapper\"><div class=\"background-dim__overlay\" style=\"background-color: #000000\"><\/div><img decoding=\"async\" alt=\"Guerrero CB\" class=\"wc-block-featured-product__background-image\" src=\"https:\/\/casabellota.com\/wp-content\/uploads\/2021\/11\/GUERRERO-CB-2015-1-1024x624.jpg\" style=\"object-fit: none;object-position: 50% 50%;\" \/><div class=\"wc-block-featured-product__inner-blocks\">\n\n<div class=\"wp-block-button aligncenter\"><a class=\"wp-block-button__link wp-element-button\" href=\"http:\/\/localhost\/product\/guerrero-cb\/\">Shop now<\/a><\/div>\n\n<\/div><\/div><\/div><\/div>\n<\/div>\n<\/div><\/div>","protected":false},"excerpt":{"rendered":"<p>Stallions Our star stallions, Guerrero CB and Escudo Bellota represent a lineage descending of a long line of champions, recognized as \u201cbest functionality, best morphology, best movements and best in show\u201d. These champions represent the highest genetic aptitude for dressage and excellent breeding traits, very much represented also in foals born in our stables.<\/p>","protected":false},"author":1,"featured_media":0,"parent":0,"menu_order":0,"comment_status":"closed","ping_status":"closed","template":"","meta":{"footnotes":""},"class_list":["post-12","page","type-page","status-publish","hentry"],"_links":{"self":[{"href":"https:\/\/casabellota.com\/es\/wp-json\/wp\/v2\/pages\/12","targetHints":{"allow":["GET"]}}],"collection":[{"href":"https:\/\/casabellota.com\/es\/wp-json\/wp\/v2\/pages"}],"about":[{"href":"https:\/\/casabellota.com\/es\/wp-json\/wp\/v2\/types\/page"}],"author":[{"embeddable":true,"href":"https:\/\/casabellota.com\/es\/wp-json\/wp\/v2\/users\/1"}],"replies":[{"embeddable":true,"href":"https:\/\/casabellota.com\/es\/wp-json\/wp\/v2\/comments?post=12"}],"version-history":[{"count":38,"href":"https:\/\/casabellota.com\/es\/wp-json\/wp\/v2\/pages\/12\/revisions"}],"predecessor-version":[{"id":3015,"href":"https:\/\/casabellota.com\/es\/wp-json\/wp\/v2\/pages\/12\/revisions\/3015"}],"wp:attachment":[{"href":"https:\/\/casabellota.com\/es\/wp-json\/wp\/v2\/media?parent=12"}],"curies":[{"name":"wp","href":"https:\/\/api.w.org\/{rel}","templated":true}]}}